{"id":9436,"date":"2020-04-08T11:37:39","date_gmt":"2020-04-08T09:37:39","guid":{"rendered":"https:\/\/magicsurfschool.com\/mentions-legales\/"},"modified":"2020-04-17T00:19:55","modified_gmt":"2020-04-16T22:19:55","slug":"rechtliche-informationen","status":"publish","type":"page","link":"https:\/\/magicsurfschool.com\/de\/rechtliche-informationen\/","title":{"rendered":"Rechtliche Informationen"},"content":{"rendered":"<div class=\"wpb-content-wrapper\"><p>[vc_row equal_height=&#8220;yes&#8220; css=&#8220;.vc_custom_1585836999844{padding-top: 80px !important;padding-bottom: 40px !important;}&#8220;][vc_column offset=&#8220;vc_col-lg-offset-1 vc_col-lg-10 vc_col-md-offset-1 vc_col-md-10 vc_col-sm-offset-0 vc_col-xs-12&#8243;][vc_column_text]<\/p>\n<h2>Rechtliche Informationen<br \/>\n<strong><br \/>\n1. Pr\u00e4sentation der Website<\/strong><\/h2>\n<p>Gem\u00e4\u00df Artikel 6 des Gesetzes Nr. 2004-575 vom 21. Juni 2004 \u00fcber das Vertrauen in die digitale Wirtschaft werden die Benutzer der Website https:\/\/magicsurfschool.com \u00fcber die Identit\u00e4t der verschiedenen an ihrer Erstellung und \u00dcberwachung beteiligten Parteien informiert:<\/p>\n<p>Eigent\u00fcmer: Adrien Val\u00e9ro &#8211; 7 rue Eug\u00e8ne Delacroix, 33680 LACANAU, Frankreich<br \/>\nSch\u00f6pfer: Nathan Hele<br \/>\nLeiter der Ver\u00f6ffentlichung: Adrien Val\u00e9ro &#8211; contact@magicsurfschool.com<br \/>\nDie f\u00fcr die Ver\u00f6ffentlichung verantwortliche Person ist eine nat\u00fcrliche oder juristische Person.<br \/>\nWebmaster: Nathan Hele &#8211; nathanhele@gmail.com<br \/>\nGastgeber : OVH &#8211; 2 rue Kellermann &#8211; BP 80157 59053 ROUBAIX CEDEX 1<br \/>\nCredits :<br \/>\nDas Modell der rechtlichen Hinweise wird von Subdelirium.com Legal notices angeboten<\/p>\n<p><strong>2. Allgemeine Bedingungen f\u00fcr die Nutzung der Website und der angebotenen Dienstleistungen.<\/strong><\/p>\n<p>Die Nutzung der Website https:\/\/magicsurfschool.com setzt die vollst\u00e4ndige und uneingeschr\u00e4nkte Zustimmung zu den unten beschriebenen allgemeinen Nutzungsbedingungen voraus. Diese Nutzungsbedingungen k\u00f6nnen jederzeit ge\u00e4ndert oder erg\u00e4nzt werden; die Benutzer der Website https:\/\/magicsurfschool.com werden daher gebeten, sie regelm\u00e4\u00dfig zu konsultieren.<\/p>\n<p>Diese Website ist den Benutzern normalerweise jederzeit zug\u00e4nglich. Adrien Val\u00e9ro kann jedoch beschlie\u00dfen, sie f\u00fcr technische Wartungsarbeiten zu unterbrechen. In diesem Fall wird er sich bem\u00fchen, die Benutzer im Voraus \u00fcber die Daten und Zeiten des Eingriffs zu informieren.<\/p>\n<p>Die Website https:\/\/magicsurfschool.com wird regelm\u00e4\u00dfig von Adrien Val\u00e9ro aktualisiert. Ebenso k\u00f6nnen die rechtlichen Hinweise jederzeit ge\u00e4ndert werden: Sie sind dennoch f\u00fcr den Benutzer verbindlich, der aufgefordert wird, so oft wie m\u00f6glich auf sie zu verweisen, um sie zu lesen.<\/p>\n<p><strong>3. Beschreibung der angebotenen Dienstleistungen.<\/strong><\/p>\n<p>Der Zweck der Website https:\/\/magicsurfschool.com ist die Bereitstellung von Informationen \u00fcber alle Aktivit\u00e4ten des Unternehmens.<\/p>\n<p>Adrien Val\u00e9ro bem\u00fcht sich, auf der Website https:\/\/magicsurfschool.com m\u00f6glichst genaue Informationen zur Verf\u00fcgung zu stellen. Er kann jedoch nicht f\u00fcr Auslassungen, Ungenauigkeiten und Unzul\u00e4nglichkeiten bei der Aktualisierung verantwortlich gemacht werden, unabh\u00e4ngig davon, ob sie auf sein eigenes Verschulden oder auf das Verschulden von Drittparteien zur\u00fcckzuf\u00fchren sind, die ihm diese Informationen zur Verf\u00fcgung stellen.<\/p>\n<p>Alle Informationen, die auf der Website https:\/\/magicsurfschool.com angegeben sind, dienen als Anhaltspunkt und werden sich wahrscheinlich weiterentwickeln. Dar\u00fcber hinaus sind die Informationen auf der Website https:\/\/magicsurfschool.com nicht ersch\u00f6pfend. Er wird vorbehaltlich der \u00c4nderungen gegeben, die seit seiner Online-Stellung vorgenommen wurden.<\/p>\n<p><strong>4. Vertragliche Beschr\u00e4nkungen der technischen Daten.<\/strong><\/p>\n<p>Die Website verwendet JavaScript-Technologie.<\/p>\n<p>Die Website kann nicht f\u00fcr materielle Sch\u00e4den im Zusammenhang mit der Nutzung der Website haftbar gemacht werden. Dar\u00fcber hinaus verpflichtet sich der Benutzer der Website, auf die Website mit neueren, virenfreien Ger\u00e4ten und mit einem Browser der neuesten Generation zuzugreifen.<\/p>\n<p><strong>5. Geistiges Eigentum und F\u00e4lschung.<\/strong><\/p>\n<p>Adrien Val\u00e9ro ist Inhaber der Rechte am geistigen Eigentum oder besitzt die Nutzungsrechte an allen auf der Website zug\u00e4nglichen Elementen, insbesondere an Texten, Bildern, Grafiken, Logo, Symbolen, T\u00f6nen, Software.<\/p>\n<p>Jegliche Reproduktion, Darstellung, \u00c4nderung, Ver\u00f6ffentlichung, Anpassung aller oder eines Teils der Elemente der Website, unabh\u00e4ngig von den verwendeten Mitteln oder Verfahren, ist verboten, es sei denn, es liegt eine vorherige schriftliche Genehmigung von : Adrien Val\u00e9ro.<\/p>\n<p>Jegliche unbefugte Nutzung der Website oder eines der Elemente, die sie enth\u00e4lt, wird als Versto\u00df betrachtet und gem\u00e4\u00df den Bestimmungen der Artikel L.335-2 ff. des Gesetzes \u00fcber geistiges Eigentum strafrechtlich verfolgt.<\/p>\n<p><strong>6. Haftungsbeschr\u00e4nkungen.<\/strong><\/p>\n<p>Adrien Val\u00e9ro kann nicht f\u00fcr direkte oder indirekte Sch\u00e4den an den Ger\u00e4ten des Benutzers verantwortlich gemacht werden, die beim Zugriff auf die Website https:\/\/magicsurfschool.com entstehen und entweder auf die Verwendung von Ger\u00e4ten zur\u00fcckzuf\u00fchren sind, die nicht den unter Punkt 4 angegebenen Spezifikationen entsprechen, oder auf das Auftreten eines Fehlers oder einer Inkompatibilit\u00e4t.<\/p>\n<p>Adrien Val\u00e9ro kann auch nicht f\u00fcr indirekte Sch\u00e4den (wie z.B. Gesch\u00e4ftsverluste oder entgangene Chancen) verantwortlich gemacht werden, die sich aus der Nutzung der Website https:\/\/magicsurfschool.com ergeben.<\/p>\n<p>Den Benutzern stehen interaktive R\u00e4ume (M\u00f6glichkeit, im Kontaktbereich Fragen zu stellen) zur Verf\u00fcgung. Adrien Val\u00e9ro beh\u00e4lt sich das Recht vor, ohne Vorank\u00fcndigung alle in diesem Bereich eingestellten Inhalte zu l\u00f6schen, die gegen die in Frankreich geltende Gesetzgebung, insbesondere gegen die Datenschutzbestimmungen, versto\u00dfen. Gegebenenfalls beh\u00e4lt sich Adrien Val\u00e9ro auch die M\u00f6glichkeit vor, die zivil- und\/oder strafrechtliche Verantwortung des Benutzers in Frage zu stellen, insbesondere im Falle einer rassistischen, beleidigenden, verleumderischen oder pornografischen Botschaft, unabh\u00e4ngig vom verwendeten Tr\u00e4ger (Text, Foto&#8230;).<\/p>\n<p>\u00dcbersetzt mit www.DeepL.com\/Translator (kostenlose Version)<\/p>\n<p><strong>7. Verwaltung pers\u00f6nlicher Daten.<\/strong><\/p>\n<p>In Frankreich werden personenbezogene Daten insbesondere durch das Gesetz Nr. 78-87 vom 6. Januar 1978, das Gesetz Nr. 2004-801 vom 6. August 2004, den Artikel L. 226-13 des Strafgesetzbuches und die Europ\u00e4ische Richtlinie vom 24. Oktober 1995 gesch\u00fctzt.<\/p>\n<p>Bei der Nutzung der Website https:\/\/magicsurfschool.com kann Folgendes erfasst werden: die URL der Links, \u00fcber die der Benutzer auf die Website https:\/\/magicsurfschool.com zugegriffen hat, der Zugangsprovider des Benutzers, die Internet-Protokoll-Adresse (IP-Adresse) des Benutzers.<\/p>\n<p>In jedem Fall sammelt Adrien Val\u00e9ro pers\u00f6nliche Informationen \u00fcber den Benutzer nur f\u00fcr den Bedarf bestimmter Dienstleistungen, die von der Website https:\/\/magicsurfschool.com angeboten werden. Der Benutzer stellt diese Informationen in voller Kenntnis der Sachlage zur Verf\u00fcgung, insbesondere wenn er sie selbst eingibt. Es wird dann dem Benutzer der Website https:\/\/magicsurfschool.com die Verpflichtung auferlegt, diese Informationen zur Verf\u00fcgung zu stellen oder nicht.<\/p>\n<p>Gem\u00e4\u00df den Bestimmungen der Artikel 38 ff. des Gesetzes 78-17 vom 6. Januar 1978 \u00fcber Datenverarbeitung, Dateien und Freiheiten hat jeder Benutzer das Recht auf Zugang, Berichtigung und Einspruch gegen die ihn betreffenden pers\u00f6nlichen Daten, indem er einen schriftlichen und unterschriebenen Antrag stellt, dem eine Kopie des Ausweisdokuments mit der Unterschrift des Inhabers des Dokuments beigef\u00fcgt ist, und in dem er die Adresse angibt, an die die Antwort geschickt werden soll.<\/p>\n<p>Keine pers\u00f6nlichen Informationen des Benutzers der Website https:\/\/magicsurfschool.com werden ohne dessen Wissen ver\u00f6ffentlicht, ausgetauscht, \u00fcbertragen, abgetreten oder auf irgendeinem Medium an Dritte verkauft. Nur die Hypothese des Kaufs von Adrien Val\u00e9ro und seiner Rechte w\u00fcrde die \u00dcbermittlung der besagten Informationen an den eventuellen K\u00e4ufer erm\u00f6glichen, der seinerseits gegen\u00fcber dem Benutzer der Website https:\/\/magicsurfschool.com an die gleiche Verpflichtung zur Aufbewahrung und \u00c4nderung der Daten gebunden w\u00e4re.<\/p>\n<p>Die Website wird nicht bei der CNIL deklariert, da sie keine pers\u00f6nlichen Informationen sammelt.<\/p>\n<p>Die Datenbanken sind durch die Bestimmungen des Gesetzes vom 1. Juli 1998 zur Umsetzung der Richtlinie 96\/9 vom 11. M\u00e4rz 1996 \u00fcber den rechtlichen Schutz von Datenbanken gesch\u00fctzt.<\/p>\n<p><strong>8. Hypertext-Links und Cookies.<\/strong><\/p>\n<p>Die Website https:\/\/magicsurfschool.com enth\u00e4lt eine Reihe von Hypertext-Links zu anderen Websites, die mit Genehmigung von Adrien Val\u00e9ro eingerichtet wurden. Adrien Val\u00e9ro hat jedoch keine M\u00f6glichkeit, den Inhalt der so besuchten Sites zu \u00fcberpr\u00fcfen, und \u00fcbernimmt daher keine Verantwortung f\u00fcr diese Tatsache.<\/p>\n<p>Das Surfen auf der Website https:\/\/magicsurfschool.com f\u00fchrt wahrscheinlich zur Installation von Cookie(s) auf dem Computer des Benutzers. Ein Cookie ist eine kleine Datei, die es nicht erlaubt, den Benutzer zu identifizieren, die aber Informationen bez\u00fcglich der Navigation eines Computers auf einer Website aufzeichnet. Die auf diese Weise gewonnenen Daten sollen die sp\u00e4tere Navigation auf der Website erleichtern und verschiedene Messungen der Frequentierung erm\u00f6glichen.<\/p>\n<p>Die Weigerung, ein Cookie zu installieren, kann den Zugang zu bestimmten Diensten unm\u00f6glich machen. Der Benutzer kann seinen Computer jedoch wie folgt konfigurieren, um die Installation von Cookies abzulehnen:<\/p>\n<p>Unter Internet Explorer: Werkzeugregister (Zahnradsymbol in der oberen rechten Ecke) \/ Internetoptionen. Klicken Sie auf Vertraulichkeit und w\u00e4hlen Sie Alle Cookies blockieren. Best\u00e4tigen Sie auf Ok.<\/p>\n<p>Unter Firefox: Klicken Sie oben im Browserfenster auf die Schaltfl\u00e4che Firefox und gehen Sie dann zur Registerkarte Optionen. Klicken Sie auf die Registerkarte Datenschutz.<br \/>\nFestlegen der Aufbewahrungsregeln auf: Verwendung benutzerdefinierter Einstellungen f\u00fcr die Historie. Deaktivieren Sie schlie\u00dflich das Kontrollk\u00e4stchen, um Cookies zu deaktivieren.<\/p>\n<p>Unter Safari: Klicken Sie auf das Men\u00fc-Symbol (symbolisiert durch ein Zahnrad) oben rechts im Browser. W\u00e4hlen Sie Einstellungen. Klicken Sie auf Erweiterte Einstellungen anzeigen. Klicken Sie im Abschnitt &#8222;Vertraulichkeit&#8220; auf Inhaltseinstellungen. Im Abschnitt &#8222;Cookies&#8220; k\u00f6nnen Sie Cookies blockieren.<\/p>\n<p>Unter Chrome: Klicken Sie auf das Men\u00fc-Symbol (symbolisiert durch drei horizontale Linien) oben rechts im Browser. W\u00e4hlen Sie Einstellungen. Klicken Sie auf Erweiterte Einstellungen anzeigen. Klicken Sie im Abschnitt &#8222;Datenschutz&#8220; auf Pr\u00e4ferenzen. In der Registerkarte &#8222;Datenschutz&#8220; k\u00f6nnen Sie Cookies blockieren.<\/p>\n<p><strong>9. Anwendbares Recht und Gerichtsbarkeit.<\/strong><\/p>\n<p>Jede Streitigkeit im Zusammenhang mit der Nutzung der Website https:\/\/magicsurfschool.com unterliegt dem franz\u00f6sischen Recht. Die ausschlie\u00dfliche Zust\u00e4ndigkeit liegt bei den zust\u00e4ndigen Gerichten von Paris.<\/p>\n<p><strong>10. Die wichtigsten betroffenen Gesetze.<\/strong><\/p>\n<p>Gesetz Nr. 78-17 vom 6. Januar 1978, ge\u00e4ndert durch das Gesetz Nr. 2004-801 vom 6. August 2004 \u00fcber Computer, Dateien und Freiheiten.<\/p>\n<p>Gesetz Nr. 2004-575 vom 21. Juni 2004 f\u00fcr das Vertrauen in die digitale Wirtschaft.<\/p>\n<p>\u00dcbersetzt mit www.DeepL.com\/Translator (kostenlose Version)<\/p>\n<p><strong>11. Lexikon.<\/strong><\/p>\n<p>Benutzer: Internet-Benutzer, der sich mit der oben genannten Website verbindet.<\/p>\n<p>Pers\u00f6nliche Informationen: &#8222;Informationen, die in irgendeiner Form, direkt oder indirekt, die Identifizierung der nat\u00fcrlichen Personen erm\u00f6glichen, auf die sie sich beziehen&#8220; (Artikel 4 des Gesetzes Nr. 78-17 vom 6. Januar 1978).[\/vc_column_text][\/vc_column][\/vc_row]<\/p>\n<\/div>","protected":false},"excerpt":{"rendered":"<p>[vc_row equal_height=&#8220;yes&#8220; css=&#8220;.vc_custom_1585836999844{padding-top: 80px !important;padding-bottom: 40px !important;}&#8220;][vc_column offset=&#8220;vc_col-lg-offset-1 vc_col-lg-10 vc_col-md-offset-1 vc_col-md-10 vc_col-sm-offset-0 vc_col-xs-12&#8243;][vc_column_text] Rechtliche Informationen&#8230;<\/p>\n","protected":false},"author":1,"featured_media":0,"parent":0,"menu_order":0,"comment_status":"closed","ping_status":"closed","template":"","meta":{"footnotes":""},"class_list":["post-9436","page","type-page","status-publish","hentry"],"yoast_head":"<!-- This site is optimized with the Yoast SEO plugin v27.4 - https:\/\/yoast.com\/product\/yoast-seo-wordpress\/ -->\n<title>Rechtliche Informationen - Magic Surf School<\/title>\n<meta name=\"robots\" content=\"noindex, follow\" \/>\n<meta property=\"og:locale\" content=\"de_DE\" \/>\n<meta property=\"og:type\" content=\"article\" \/>\n<meta property=\"og:title\" content=\"Rechtliche Informationen - Magic Surf School\" \/>\n<meta property=\"og:description\" content=\"[vc_row equal_height=&#8220;yes&#8220; css=&#8220;.vc_custom_1585836999844{padding-top: 80px !important;padding-bottom: 40px !important;}&#8220;][vc_column offset=&#8220;vc_col-lg-offset-1 vc_col-lg-10 vc_col-md-offset-1 vc_col-md-10 vc_col-sm-offset-0 vc_col-xs-12&#8243;][vc_column_text] Rechtliche Informationen...\" \/>\n<meta property=\"og:url\" content=\"https:\/\/magicsurfschool.com\/de\/rechtliche-informationen\/\" \/>\n<meta property=\"og:site_name\" content=\"Magic Surf School\" \/>\n<meta property=\"article:publisher\" content=\"https:\/\/www.facebook.com\/magicsurfschoool\/\" \/>\n<meta property=\"article:modified_time\" content=\"2020-04-16T22:19:55+00:00\" \/>\n<meta property=\"og:image\" content=\"https:\/\/magicsurfschool.com\/wp-content\/uploads\/2020\/04\/ecole-surf-lacanau-stage.jpg\" \/>\n\t<meta property=\"og:image:width\" content=\"1500\" \/>\n\t<meta property=\"og:image:height\" content=\"1140\" \/>\n\t<meta property=\"og:image:type\" content=\"image\/jpeg\" \/>\n<meta name=\"twitter:card\" content=\"summary_large_image\" \/>\n<meta name=\"twitter:label1\" content=\"Gesch\u00e4tzte Lesezeit\" \/>\n\t<meta name=\"twitter:data1\" content=\"8\u00a0Minuten\" \/>\n<script type=\"application\/ld+json\" class=\"yoast-schema-graph\">{\"@context\":\"https:\\\/\\\/schema.org\",\"@graph\":[{\"@type\":\"WebPage\",\"@id\":\"https:\\\/\\\/magicsurfschool.com\\\/de\\\/rechtliche-informationen\\\/\",\"url\":\"https:\\\/\\\/magicsurfschool.com\\\/de\\\/rechtliche-informationen\\\/\",\"name\":\"Rechtliche Informationen - Magic Surf School\",\"isPartOf\":{\"@id\":\"https:\\\/\\\/magicsurfschool.com\\\/#website\"},\"datePublished\":\"2020-04-08T09:37:39+00:00\",\"dateModified\":\"2020-04-16T22:19:55+00:00\",\"breadcrumb\":{\"@id\":\"https:\\\/\\\/magicsurfschool.com\\\/de\\\/rechtliche-informationen\\\/#breadcrumb\"},\"inLanguage\":\"de\",\"potentialAction\":[{\"@type\":\"ReadAction\",\"target\":[\"https:\\\/\\\/magicsurfschool.com\\\/de\\\/rechtliche-informationen\\\/\"]}]},{\"@type\":\"BreadcrumbList\",\"@id\":\"https:\\\/\\\/magicsurfschool.com\\\/de\\\/rechtliche-informationen\\\/#breadcrumb\",\"itemListElement\":[{\"@type\":\"ListItem\",\"position\":1,\"name\":\"Accueil\",\"item\":\"https:\\\/\\\/magicsurfschool.com\\\/de\\\/\"},{\"@type\":\"ListItem\",\"position\":2,\"name\":\"Rechtliche Informationen\"}]},{\"@type\":\"WebSite\",\"@id\":\"https:\\\/\\\/magicsurfschool.com\\\/#website\",\"url\":\"https:\\\/\\\/magicsurfschool.com\\\/\",\"name\":\"Magic Surf School\",\"description\":\"\u00c9cole de surf \u00e0 Lacanau\",\"publisher\":{\"@id\":\"https:\\\/\\\/magicsurfschool.com\\\/#organization\"},\"potentialAction\":[{\"@type\":\"SearchAction\",\"target\":{\"@type\":\"EntryPoint\",\"urlTemplate\":\"https:\\\/\\\/magicsurfschool.com\\\/?s={search_term_string}\"},\"query-input\":{\"@type\":\"PropertyValueSpecification\",\"valueRequired\":true,\"valueName\":\"search_term_string\"}}],\"inLanguage\":\"de\"},{\"@type\":\"Organization\",\"@id\":\"https:\\\/\\\/magicsurfschool.com\\\/#organization\",\"name\":\"Magic Surf School\",\"url\":\"https:\\\/\\\/magicsurfschool.com\\\/\",\"logo\":{\"@type\":\"ImageObject\",\"inLanguage\":\"de\",\"@id\":\"https:\\\/\\\/magicsurfschool.com\\\/#\\\/schema\\\/logo\\\/image\\\/\",\"url\":\"https:\\\/\\\/magicsurfschool.com\\\/wp-content\\\/uploads\\\/2020\\\/04\\\/logo-magic.png\",\"contentUrl\":\"https:\\\/\\\/magicsurfschool.com\\\/wp-content\\\/uploads\\\/2020\\\/04\\\/logo-magic.png\",\"width\":400,\"height\":400,\"caption\":\"Magic Surf School\"},\"image\":{\"@id\":\"https:\\\/\\\/magicsurfschool.com\\\/#\\\/schema\\\/logo\\\/image\\\/\"},\"sameAs\":[\"https:\\\/\\\/www.facebook.com\\\/magicsurfschoool\\\/\",\"https:\\\/\\\/www.instagram.com\\\/magicsurfschool\",\"https:\\\/\\\/www.youtube.com\\\/channel\\\/UC45DpaSztsg_HG2T-_0Ypew\"]}]}<\/script>\n<!-- \/ Yoast SEO plugin. -->","yoast_head_json":{"title":"Rechtliche Informationen - Magic Surf School","robots":{"index":"noindex","follow":"follow"},"og_locale":"de_DE","og_type":"article","og_title":"Rechtliche Informationen - Magic Surf School","og_description":"[vc_row equal_height=&#8220;yes&#8220; css=&#8220;.vc_custom_1585836999844{padding-top: 80px !important;padding-bottom: 40px !important;}&#8220;][vc_column offset=&#8220;vc_col-lg-offset-1 vc_col-lg-10 vc_col-md-offset-1 vc_col-md-10 vc_col-sm-offset-0 vc_col-xs-12&#8243;][vc_column_text] Rechtliche Informationen...","og_url":"https:\/\/magicsurfschool.com\/de\/rechtliche-informationen\/","og_site_name":"Magic Surf School","article_publisher":"https:\/\/www.facebook.com\/magicsurfschoool\/","article_modified_time":"2020-04-16T22:19:55+00:00","og_image":[{"width":1500,"height":1140,"url":"https:\/\/magicsurfschool.com\/wp-content\/uploads\/2020\/04\/ecole-surf-lacanau-stage.jpg","type":"image\/jpeg"}],"twitter_card":"summary_large_image","twitter_misc":{"Gesch\u00e4tzte Lesezeit":"8\u00a0Minuten"},"schema":{"@context":"https:\/\/schema.org","@graph":[{"@type":"WebPage","@id":"https:\/\/magicsurfschool.com\/de\/rechtliche-informationen\/","url":"https:\/\/magicsurfschool.com\/de\/rechtliche-informationen\/","name":"Rechtliche Informationen - Magic Surf School","isPartOf":{"@id":"https:\/\/magicsurfschool.com\/#website"},"datePublished":"2020-04-08T09:37:39+00:00","dateModified":"2020-04-16T22:19:55+00:00","breadcrumb":{"@id":"https:\/\/magicsurfschool.com\/de\/rechtliche-informationen\/#breadcrumb"},"inLanguage":"de","potentialAction":[{"@type":"ReadAction","target":["https:\/\/magicsurfschool.com\/de\/rechtliche-informationen\/"]}]},{"@type":"BreadcrumbList","@id":"https:\/\/magicsurfschool.com\/de\/rechtliche-informationen\/#breadcrumb","itemListElement":[{"@type":"ListItem","position":1,"name":"Accueil","item":"https:\/\/magicsurfschool.com\/de\/"},{"@type":"ListItem","position":2,"name":"Rechtliche Informationen"}]},{"@type":"WebSite","@id":"https:\/\/magicsurfschool.com\/#website","url":"https:\/\/magicsurfschool.com\/","name":"Magic Surf School","description":"\u00c9cole de surf \u00e0 Lacanau","publisher":{"@id":"https:\/\/magicsurfschool.com\/#organization"},"potentialAction":[{"@type":"SearchAction","target":{"@type":"EntryPoint","urlTemplate":"https:\/\/magicsurfschool.com\/?s={search_term_string}"},"query-input":{"@type":"PropertyValueSpecification","valueRequired":true,"valueName":"search_term_string"}}],"inLanguage":"de"},{"@type":"Organization","@id":"https:\/\/magicsurfschool.com\/#organization","name":"Magic Surf School","url":"https:\/\/magicsurfschool.com\/","logo":{"@type":"ImageObject","inLanguage":"de","@id":"https:\/\/magicsurfschool.com\/#\/schema\/logo\/image\/","url":"https:\/\/magicsurfschool.com\/wp-content\/uploads\/2020\/04\/logo-magic.png","contentUrl":"https:\/\/magicsurfschool.com\/wp-content\/uploads\/2020\/04\/logo-magic.png","width":400,"height":400,"caption":"Magic Surf School"},"image":{"@id":"https:\/\/magicsurfschool.com\/#\/schema\/logo\/image\/"},"sameAs":["https:\/\/www.facebook.com\/magicsurfschoool\/","https:\/\/www.instagram.com\/magicsurfschool","https:\/\/www.youtube.com\/channel\/UC45DpaSztsg_HG2T-_0Ypew"]}]}},"_links":{"self":[{"href":"https:\/\/magicsurfschool.com\/de\/wp-json\/wp\/v2\/pages\/9436","targetHints":{"allow":["GET"]}}],"collection":[{"href":"https:\/\/magicsurfschool.com\/de\/wp-json\/wp\/v2\/pages"}],"about":[{"href":"https:\/\/magicsurfschool.com\/de\/wp-json\/wp\/v2\/types\/page"}],"author":[{"embeddable":true,"href":"https:\/\/magicsurfschool.com\/de\/wp-json\/wp\/v2\/users\/1"}],"replies":[{"embeddable":true,"href":"https:\/\/magicsurfschool.com\/de\/wp-json\/wp\/v2\/comments?post=9436"}],"version-history":[{"count":0,"href":"https:\/\/magicsurfschool.com\/de\/wp-json\/wp\/v2\/pages\/9436\/revisions"}],"wp:attachment":[{"href":"https:\/\/magicsurfschool.com\/de\/wp-json\/wp\/v2\/media?parent=9436"}],"curies":[{"name":"wp","href":"https:\/\/api.w.org\/{rel}","templated":true}]}}